{"id":1751,"date":"2014-04-27T08:59:19","date_gmt":"2014-04-27T08:59:19","guid":{"rendered":"http:\/\/my.weltladen-heidelberg.de\/?page_id=1751"},"modified":"2014-04-27T08:59:19","modified_gmt":"2014-04-27T08:59:19","slug":"produktinfo-kapula-kerzen-aus-suedafrika","status":"publish","type":"page","link":"https:\/\/www.weltladen-heidelberg.de\/?page_id=1751","title":{"rendered":"Produktinfo: KAPULA Kerzen aus S\u00fcdafrika"},"content":{"rendered":"<p><a href=\"http:\/\/my.weltladen-heidelberg.de\/wp-content\/uploads\/2013\/11\/Kapula_Kerzen.jpg\"><img loading=\"lazy\" decoding=\"async\" class=\"alignleft size-full wp-image-1540\" style=\"margin: 5px;\" alt=\"Kapula_Kerzen\" src=\"http:\/\/my.weltladen-heidelberg.de\/wp-content\/uploads\/2013\/11\/Kapula_Kerzen.jpg\" width=\"170\" height=\"128\" \/><\/a>Nicht nur sch\u00f6n zur kalten Winterzeit sind Kerzen und Keramik aus S\u00fcdafrika, die wir bei uns im Sortiment f\u00fchren. Das warme Licht der farbenfrohen Kerzen erhellt den Raum. Die hochwertige und liebevoll bemalte Keramik ist auf jedem Esstisch ein Augenfang. Schauen Sie in unserem Laden vorbei und lassen Sie sich inspirieren.<\/p>\n<p>&nbsp;<\/p>\n<p><strong>Angaben vom H\u00e4ndler:<\/strong><\/p>\n<p>KAPULA Candles ist in ihrer Region an der S\u00fcdspitze Afrikas (Bredastorp) weit und breit der einzige Arbeitgeber. Die\u00a0 Standards f\u00fcr Sauberkeit, Aus- und Fortbildung, Lohnzahlung und soziale Absicherung sind nicht nur f\u00fcr S\u00fcdafrika vorbildlich. KAPULA besch\u00e4ftigt 80 Mitarbeiter. Jeder Besch\u00e4ftigte bekommt sein monatliches Gehalt auf das eigene Konto \u00fcberwiesen. Ein Bankkonto ist f\u00fcr die Arbeiter in S\u00fcdafrika immer noch eine Seltenheit. KAPULA schult den Umgang damit. Dar\u00fcber hinaus finanziert KAPULA eine Arbeitslosenversicherung, sowie die Beitr\u00e4ge f\u00fcr die Krankenkasse. Ein Lehrer f\u00fcr Erwachsenenbildung gibt einmal in der Woche einen Kursus f\u00fcr Allgemeinbildung, an dem die ganze Belegschaft teilnehmen kann.<\/p>\n<p>In der Kerzengie\u00dferei arbeiten die M\u00e4nner in zwei Schichten. In der Mal- und Designabteilung sind 98% der Besch\u00e4ftigten Frauen. Bei Neueinstellungen bevorzugt KAPULA die Schulabg\u00e4nger der Region. Ihnen wird nach der neunten Klasse erm\u00f6glicht, in einer dreimonatigen Schulung das Handwerk zu erlernen. Zun\u00e4chst auf Papier, dann auf Holz, dann an der Kerze selbst.<\/p>\n<p>Alle KAPULA-Kerzen sind handbemalt. Verwendet wird nur bestes Paraffin: Nipponwachs, mit einem hohen Schmelzpunkt. Die Pigmentfarben sind aus Deutschland. Sie sind ungiftig und brennen komplett ab.<\/p>\n","protected":false},"excerpt":{"rendered":"<p>Nicht nur sch\u00f6n zur kalten Winterzeit sind Kerzen und Keramik aus S\u00fcdafrika, die wir bei uns im Sortiment f\u00fchren. Das warme Licht der farbenfrohen Kerzen erhellt den Raum. Die hochwertige und liebevoll bemalte Keramik ist auf jedem Esstisch ein Augenfang. &hellip;<\/p>\n<p class=\"read-more\"> <a class=\"more-link\" href=\"https:\/\/www.weltladen-heidelberg.de\/?page_id=1751\"> <span class=\"screen-reader-text\">Produktinfo: KAPULA Kerzen aus S\u00fcdafrika<\/span> Read More &raquo;<\/a><\/p>\n","protected":false},"author":1,"featured_media":0,"parent":9,"menu_order":0,"comment_status":"closed","ping_status":"closed","template":"","meta":{"footnotes":""},"class_list":["post-1751","page","type-page","status-publish","hentry"],"_links":{"self":[{"href":"https:\/\/www.weltladen-heidelberg.de\/index.php?rest_route=\/wp\/v2\/pages\/1751","targetHints":{"allow":["GET"]}}],"collection":[{"href":"https:\/\/www.weltladen-heidelberg.de\/index.php?rest_route=\/wp\/v2\/pages"}],"about":[{"href":"https:\/\/www.weltladen-heidelberg.de\/index.php?rest_route=\/wp\/v2\/types\/page"}],"author":[{"embeddable":true,"href":"https:\/\/www.weltladen-heidelberg.de\/index.php?rest_route=\/wp\/v2\/users\/1"}],"replies":[{"embeddable":true,"href":"https:\/\/www.weltladen-heidelberg.de\/index.php?rest_route=%2Fwp%2Fv2%2Fcomments&post=1751"}],"version-history":[{"count":1,"href":"https:\/\/www.weltladen-heidelberg.de\/index.php?rest_route=\/wp\/v2\/pages\/1751\/revisions"}],"predecessor-version":[{"id":1752,"href":"https:\/\/www.weltladen-heidelberg.de\/index.php?rest_route=\/wp\/v2\/pages\/1751\/revisions\/1752"}],"up":[{"embeddable":true,"href":"https:\/\/www.weltladen-heidelberg.de\/index.php?rest_route=\/wp\/v2\/pages\/9"}],"wp:attachment":[{"href":"https:\/\/www.weltladen-heidelberg.de\/index.php?rest_route=%2Fwp%2Fv2%2Fmedia&parent=1751"}],"curies":[{"name":"wp","href":"https:\/\/api.w.org\/{rel}","templated":true}]}}