{"id":2962,"date":"2026-02-10T15:54:51","date_gmt":"2026-02-10T15:54:51","guid":{"rendered":"http:\/\/my.weltladen-heidelberg.de\/?page_id=2962"},"modified":"2026-02-13T06:43:54","modified_gmt":"2026-02-13T06:43:54","slug":"fashion-revolution-weeks-2025-2","status":"publish","type":"page","link":"http:\/\/my.weltladen-heidelberg.de\/?page_id=2962","title":{"rendered":"Fashion Revolution Weeks 2025"},"content":{"rendered":"\n<p><strong>Zum f\u00fcnften Mal veranstalten wir in Heidelberg die Fashion Revolution Week \u2013 dieses Jahr wird es einen Monat voller Aktionen und Events rund um die Themen Modemissst\u00e4nde und faire Mode geben.<\/strong><\/p>\n\n\n\n<div class=\"wp-block-file\"><object class=\"wp-block-file__embed\" data=\"http:\/\/my.weltladen-heidelberg.de\/wp-content\/uploads\/2025\/03\/Flyer_FRW25_Final.pdf\" type=\"application\/pdf\" style=\"width:100%;height:600px\" aria-label=\"Einbettung von Flyer_FRW25_Final.\"><\/object><a id=\"wp-block-file--media-0a7f39a7-d60f-45ca-a54f-f4c48c881f0b\" href=\"http:\/\/my.weltladen-heidelberg.de\/wp-content\/uploads\/2025\/03\/Flyer_FRW25_Final.pdf\">Flyer_FRW25_Final<\/a><a href=\"http:\/\/my.weltladen-heidelberg.de\/wp-content\/uploads\/2025\/03\/Flyer_FRW25_Final.pdf\" class=\"wp-block-file__button\" download aria-describedby=\"wp-block-file--media-0a7f39a7-d60f-45ca-a54f-f4c48c881f0b\">Herunterladen<\/a><\/div>\n\n\n\n<p><a href=\"https:\/\/www.instagram.com\/fash_rev_hd\/\"><\/a><\/p>\n\n\n\n<figure class=\"wp-block-image size-large\"><img loading=\"lazy\" width=\"819\" height=\"1024\" src=\"http:\/\/my.weltladen-heidelberg.de\/wp-content\/uploads\/2025\/04\/25_FRW_Event-819x1024.png\" alt=\"\" class=\"wp-image-2924\" srcset=\"http:\/\/my.weltladen-heidelberg.de\/wp-content\/uploads\/2025\/04\/25_FRW_Event-819x1024.png 819w, http:\/\/my.weltladen-heidelberg.de\/wp-content\/uploads\/2025\/04\/25_FRW_Event-300x375.png 300w, http:\/\/my.weltladen-heidelberg.de\/wp-content\/uploads\/2025\/04\/25_FRW_Event-768x960.png 768w, http:\/\/my.weltladen-heidelberg.de\/wp-content\/uploads\/2025\/04\/25_FRW_Event-100x125.png 100w, http:\/\/my.weltladen-heidelberg.de\/wp-content\/uploads\/2025\/04\/25_FRW_Event-150x188.png 150w, http:\/\/my.weltladen-heidelberg.de\/wp-content\/uploads\/2025\/04\/25_FRW_Event-200x250.png 200w, http:\/\/my.weltladen-heidelberg.de\/wp-content\/uploads\/2025\/04\/25_FRW_Event-450x563.png 450w, http:\/\/my.weltladen-heidelberg.de\/wp-content\/uploads\/2025\/04\/25_FRW_Event-600x750.png 600w, http:\/\/my.weltladen-heidelberg.de\/wp-content\/uploads\/2025\/04\/25_FRW_Event-900x1125.png 900w, http:\/\/my.weltladen-heidelberg.de\/wp-content\/uploads\/2025\/04\/25_FRW_Event.png 1080w\" sizes=\"(max-width: 819px) 100vw, 819px\" \/><\/figure>\n\n\n\n<p><\/p>\n\n\n\n<p><\/p>\n\n\n\n<p>Mode ist f\u00fcr viele Menschen ein Ausdruck ihrer Identit\u00e4t und ein Lebensgef\u00fchl. Wie viel Zeit und Geld investieren wir in das Gestalten unseres Aussehens? Wo kaufen wir unsere Kleidung? Wie wurde sie hergestellt und noch viel interessanter: Wer hat sie unter welchen Lebensbedingungen produziert? Die internationale <strong>Fashion Revolution Kampagne<\/strong> besch\u00e4ftigt sich genau mit diesen Fragen. Sie fand das erste Mal vor elf Jahren statt \u2013 genau ein Jahr nach dem <strong>Einsturz des Textilfabrikgeb\u00e4udes Rana Plaza<\/strong> in Bangladesch, bei dem mehr als 1.000 Menschen ihr Leben verloren und \u00fcber 2.000 schwer verletzt wurden. Nicht nur Menschen, sondern auch Umwelt und Natur werden auf Kosten m\u00f6glichst g\u00fcnstiger und schnell produzierter Mode ausgebeutet. Die Auswirkungen von Fast Fashion lassen sich f\u00fcr uns Verbraucher*innen anhand des Preisschildes im Laden schwer nachvollziehen.<\/p>\n\n\n\n<p>Aus diesem Anlass werden wir mit vielen Kooperationspartnern vom <strong>01.04. bis zum 30.04.25<\/strong> mit Formaten wie&nbsp;Theaterst\u00fccken, Filmvorf\u00fchrungen, Ausstellungen oder Vortr\u00e4gen Einblicke in diese Schattenseiten der Modewelt geben. Wir wollen aber nicht nur Missst\u00e4nde, sondern auch faire und nachhaltige Alternativen aufzeigen: zum Beispiel beim <strong>Flohmarkt, Kleidertausch-Parties, Fashion Shows, oder Repair- und DIY-Workshops.<\/strong><\/p>\n\n\n\n<p>Die Veranstaltungen finden den ganzen April dezentral in verschiedenen Locations in Heidelberg statt. Beim gro\u00dfen <strong>Haupt-Event am 27.04.<\/strong> wird im Karlstorbahnhof ein buntes Programm geboten, bei dem du von Allem etwas findest.<\/p>\n\n\n\n<div class=\"wp-container-1 is-vertical wp-block-group\">\n<p><br>Du arbeitest im Mode- oder Nachhaltigkeitsbereich und m\u00f6chtest dich beteiligen?<\/p>\n\n\n\n<p>Melde dich bei uns auf Instagram (<strong>@fash_rev_hd<\/strong>) oder bei Lena unter der Mailadresse <strong>bildung@weltladen-heidelberg.de<\/strong>!<\/p>\n<\/div>\n\n\n\n<p>Folge uns auf Instagram <strong>@fash_rev_hd<\/strong>, um keine Neuigkeiten zu verpassen. <\/p>\n","protected":false},"excerpt":{"rendered":"<p>Zum f\u00fcnften Mal veranstalten wir in Heidelberg die Fashion Revolution Week \u2013 dieses Jahr wird es einen Monat voller Aktionen und Events rund um die Themen Modemissst\u00e4nde und faire Mode geben. Mode ist f\u00fcr viele Menschen ein Ausdruck ihrer Identit\u00e4t &hellip;<\/p>\n<p class=\"read-more\"> <a class=\"more-link\" href=\"http:\/\/my.weltladen-heidelberg.de\/?page_id=2962\"> <span class=\"screen-reader-text\">Fashion Revolution Weeks 2025<\/span> Read More &raquo;<\/a><\/p>\n","protected":false},"author":1,"featured_media":0,"parent":0,"menu_order":0,"comment_status":"closed","ping_status":"closed","template":"","meta":[],"_links":{"self":[{"href":"http:\/\/my.weltladen-heidelberg.de\/index.php?rest_route=\/wp\/v2\/pages\/2962"}],"collection":[{"href":"http:\/\/my.weltladen-heidelberg.de\/index.php?rest_route=\/wp\/v2\/pages"}],"about":[{"href":"http:\/\/my.weltladen-heidelberg.de\/index.php?rest_route=\/wp\/v2\/types\/page"}],"author":[{"embeddable":true,"href":"http:\/\/my.weltladen-heidelberg.de\/index.php?rest_route=\/wp\/v2\/users\/1"}],"replies":[{"embeddable":true,"href":"http:\/\/my.weltladen-heidelberg.de\/index.php?rest_route=%2Fwp%2Fv2%2Fcomments&post=2962"}],"version-history":[{"count":1,"href":"http:\/\/my.weltladen-heidelberg.de\/index.php?rest_route=\/wp\/v2\/pages\/2962\/revisions"}],"predecessor-version":[{"id":2964,"href":"http:\/\/my.weltladen-heidelberg.de\/index.php?rest_route=\/wp\/v2\/pages\/2962\/revisions\/2964"}],"wp:attachment":[{"href":"http:\/\/my.weltladen-heidelberg.de\/index.php?rest_route=%2Fwp%2Fv2%2Fmedia&parent=2962"}],"curies":[{"name":"wp","href":"https:\/\/api.w.org\/{rel}","templated":true}]}}